{"id":3,"date":"2018-10-01T23:20:04","date_gmt":"2018-10-01T21:20:04","guid":{"rendered":"https:\/\/rheuma-medicus.de\/?page_id=3"},"modified":"2018-12-02T20:05:02","modified_gmt":"2018-12-02T19:05:02","slug":"datenschutzerklaerung","status":"publish","type":"page","link":"https:\/\/rheuma-medicus.de\/de\/datenschutzerklaerung\/","title":{"rendered":"Datenschutzerkl\u00e4rung"},"content":{"rendered":"\t\t<div data-elementor-type=\"wp-post\" data-elementor-id=\"3\" class=\"elementor elementor-3 elementor-bc-flex-widget\" data-elementor-post-type=\"page\">\n\t\t\t\t\t\t<section class=\"elementor-section elementor-top-section elementor-element elementor-element-f6c06a2 elementor-section-full_width elementor-section-height-default elementor-section-height-default\" data-id=\"f6c06a2\" data-element_type=\"section\" data-e-type=\"section\" data-settings=\"{&quot;shape_divider_bottom&quot;:&quot;pyramids&quot;}\">\n\t\t\t\t\t<div class=\"elementor-shape elementor-shape-bottom\" aria-hidden=\"true\" data-negative=\"false\">\n\t\t\t<svg xmlns=\"http:\/\/www.w3.org\/2000\/svg\" viewBox=\"0 0 1000 100\" preserveAspectRatio=\"none\">\n\t<path class=\"elementor-shape-fill\" d=\"M761.9,44.1L643.1,27.2L333.8,98L0,3.8V0l1000,0v3.9\"\/>\n<\/svg>\t\t<\/div>\n\t\t\t\t\t<div class=\"elementor-container elementor-column-gap-no\">\n\t\t\t\t\t<div class=\"elementor-column elementor-col-100 elementor-top-column elementor-element elementor-element-6aef1eb\" data-id=\"6aef1eb\" data-element_type=\"column\" data-e-type=\"column\">\n\t\t\t<div class=\"elementor-widget-wrap elementor-element-populated\">\n\t\t\t\t\t\t<div class=\"elementor-element elementor-element-ddad084 elementor-hidden-tablet elementor-hidden-phone elementor-widget elementor-widget-image\" data-id=\"ddad084\" data-element_type=\"widget\" data-e-type=\"widget\" data-widget_type=\"image.default\">\n\t\t\t\t<div class=\"elementor-widget-container\">\n\t\t\t\t\t\t\t\t\t\t\t\t\t\t\t<img fetchpriority=\"high\" decoding=\"async\" width=\"1024\" height=\"575\" src=\"https:\/\/rheuma-medicus.de\/wp-content\/uploads\/2018\/11\/T46A3620_1-1024x575.jpg\" class=\"attachment-large size-large wp-image-604\" alt=\"\" srcset=\"https:\/\/rheuma-medicus.de\/wp-content\/uploads\/2018\/11\/T46A3620_1-1024x575.jpg 1024w, https:\/\/rheuma-medicus.de\/wp-content\/uploads\/2018\/11\/T46A3620_1-300x168.jpg 300w, https:\/\/rheuma-medicus.de\/wp-content\/uploads\/2018\/11\/T46A3620_1-768x431.jpg 768w\" sizes=\"(max-width: 1024px) 100vw, 1024px\" \/>\t\t\t\t\t\t\t\t\t\t\t\t\t\t\t<\/div>\n\t\t\t\t<\/div>\n\t\t\t\t\t<\/div>\n\t\t<\/div>\n\t\t\t\t\t<\/div>\n\t\t<\/section>\n\t\t\t\t<section class=\"elementor-section elementor-top-section elementor-element elementor-element-782868e elementor-section-boxed elementor-section-height-default elementor-section-height-default\" data-id=\"782868e\" data-element_type=\"section\" data-e-type=\"section\">\n\t\t\t\t\t\t<div class=\"elementor-container elementor-column-gap-wide\">\n\t\t\t\t\t<div class=\"elementor-column elementor-col-100 elementor-top-column elementor-element elementor-element-d860b83\" data-id=\"d860b83\" data-element_type=\"column\" data-e-type=\"column\">\n\t\t\t<div class=\"elementor-widget-wrap elementor-element-populated\">\n\t\t\t\t\t\t<div class=\"elementor-element elementor-element-7a47eae elementor-widget elementor-widget-heading\" data-id=\"7a47eae\" data-element_type=\"widget\" data-e-type=\"widget\" data-widget_type=\"heading.default\">\n\t\t\t\t<div class=\"elementor-widget-container\">\n\t\t\t\t\t<h2 class=\"elementor-heading-title elementor-size-default\">Informationen zum Datenschutz gem\u00e4\u00df DSGVO<\/h2>\t\t\t\t<\/div>\n\t\t\t\t<\/div>\n\t\t\t\t<div class=\"elementor-element elementor-element-cee8b5b elementor-widget elementor-widget-text-editor\" data-id=\"cee8b5b\" data-element_type=\"widget\" data-e-type=\"widget\" data-widget_type=\"text-editor.default\">\n\t\t\t\t<div class=\"elementor-widget-container\">\n\t\t\t\t\t\t\t\t\t<p><span style=\"font-weight: bold;\">1. Name und Kontaktdaten des f\u00fcr die Verarbeitung Verantwortlichen<\/span><\/p><p>Diese Datenschutzinformation gilt f\u00fcr die Datenverarbeitung durch:<\/p><p><u>Verantwortlicher:<\/u><br \/>Rheumatologie am Zoopark<br \/>Dr. med. Markus Jost<br \/>Herdertsr. 71b<br \/>D-40237 D\u00fcsseldorf &#8211; Deutschland<\/p><p>E-Mail: <a href=\"mailto:info@rheuma-medicus.de\">info@rheuma-medicus.de<\/a><br \/>Telefon: <a href=\"tel:+4921164130150\">+49 211 64 130 150<\/a><br \/>Fax: <a href=\"tel:+4921169882166\">+49 211 69 88 21 66<\/a><\/p>\t\t\t\t\t\t\t\t<\/div>\n\t\t\t\t<\/div>\n\t\t\t\t<div class=\"elementor-element elementor-element-569dff3 elementor-widget elementor-widget-text-editor\" data-id=\"569dff3\" data-element_type=\"widget\" data-e-type=\"widget\" data-widget_type=\"text-editor.default\">\n\t\t\t\t<div class=\"elementor-widget-container\">\n\t\t\t\t\t\t\t\t\t<p><span style=\"font-weight: bold;\">2. Erhebung und Speicherung von personenbezogenen Daten sowie Art und Zweck von deren Verwendung<\/span><\/p><p><u>a) beim Besuch der Webseite<br \/><\/u>Unsere Webseite www.rheuma-medicus.de wird \u00fcber den Dienstleister 1&amp;1 Internet SE, Elgendorfer Str. 57 , 56410 Montabaur , Tel: +49 (0) 721 96 00 , Mail: info@1und1.de betrieben, der seine Datenschutzrichtlinien und Informationen unter folgender Adresse darlegt: https:\/\/hosting.1und1.de\/terms-gtc\/terms-privacy\/<\/p><p><u>b) bei Nutzung unseres Kontaktformulars<br \/><\/u>Bei Fragen jeglicher Art bieten wir ihnen die M\u00f6glichkeit, mit uns \u00fcberein auf der Webseite bereitgestelltes Formular Kontakt aufzunehmen. Dabei ist die Angabe einer g\u00fcltigen E-Mail-Adresse und gegebenenfalls einer Telefonnummer zur Kontaktaufnahme erforderlich, damit wir wissen, von wem die Anfrage stammt und um diese beantworten zu k\u00f6nnen. Weitere Angaben k\u00f6nnen freiwillig get\u00e4tigt werden.<br \/>Die Datenverarbeitung zum Zwecke der Kontaktaufnahme mit uns erfolgt nach Art. 6 Abs. 1 S. 1 lit. a DSGVO auf Grundlage ihrer freiwillig erteilten Einwilligung.<br \/>Die f\u00fcr die Benutzung des Kontaktformulars von uns erhobenen personenbezogenen Daten werden nach Erledigung der von Ihnen gestellten Anfrage gel\u00f6scht.<\/p>\t\t\t\t\t\t\t\t<\/div>\n\t\t\t\t<\/div>\n\t\t\t\t<div class=\"elementor-element elementor-element-eec814e elementor-widget elementor-widget-text-editor\" data-id=\"eec814e\" data-element_type=\"widget\" data-e-type=\"widget\" data-widget_type=\"text-editor.default\">\n\t\t\t\t<div class=\"elementor-widget-container\">\n\t\t\t\t\t\t\t\t\t<p><span style=\"font-weight: bold;\">3. Weitergabe von Daten<\/span><\/p><p>Eine \u00dcbermittlung ihrer pers\u00f6nlichen Daten an Dritte zu anderen als in den folgenden aufgef\u00fchrten Zwecken findet nicht statt.<br \/>Wir geben ihre pers\u00f6nlichen Daten nur an Dritte weiter, wenn:<\/p><ul><li>Sie ihre nach Art. 6 Abs. 1 S. 1 lit. a DSGVO ausdr\u00fcckliche Einwilligung dazu erteilt haben<\/li><li>f\u00fcr den Fall, dass f\u00fcr die Weitergabe nach Art. 6 Abs. 1 S. 1 lit. b DSGVO eine gesetzliche Verpflichtung besteht, sowie dies gesetzlich zul\u00e4ssig und nach Art. 6 Abs. 1 S. 1 lit. b DSGVO f\u00fcr die Abwicklung von Vertragsverh\u00e4ltnis mit ihn erforderlich ist.<\/li><\/ul>\t\t\t\t\t\t\t\t<\/div>\n\t\t\t\t<\/div>\n\t\t\t\t<div class=\"elementor-element elementor-element-8041aa9 elementor-widget elementor-widget-text-editor\" data-id=\"8041aa9\" data-element_type=\"widget\" data-e-type=\"widget\" data-widget_type=\"text-editor.default\">\n\t\t\t\t<div class=\"elementor-widget-container\">\n\t\t\t\t\t\t\t\t\t<p><b>4. Betroffenenrechte<\/b><\/p><p>Sie haben das Recht:<\/p><ul><li>gem\u00e4\u00df Art. 15 DSGVO Auskunft \u00fcber \u00fcber ihre von uns verarbeiteten personenbezogenen Daten zu verlangen. Insbesondere k\u00f6nnen Sie Auskunft \u00fcber die Verarbeitungszwecke, die Kategorie der personenbezogenen Daten, die Kategorien von Empf\u00e4ngern, gegen\u00fcber denen ihre Daten offen gelegt wurden oder werden, die geplante Speicherdauer, das Bestehen eines Rechts auf Berichtigung, L\u00f6schung, Einschr\u00e4nkung der Verarbeitung oder Widerspruch, das Bestehen eines Beschwerderechts, die Herkunft ihrer Daten, sofern diese nicht bei uns erhoben wurden zu verlangen.<\/li><li>gem\u00e4\u00df Art. 16 DSGVO unverz\u00fcglich die Berichtigung unrichtiger oder Vervollst\u00e4ndigung ihrer bei uns gespeicherten personenbezogenen Daten zu verlangen.<\/li><li>gem\u00e4\u00df Art. 17 DSGVO die L\u00f6schung ihrer bei uns gespeicherten personenbezogenen Daten zu verlangen, soweit nicht die Verarbeitung zur Aus\u00fcbung des Rechts auf eine Meinungs\u00e4u\u00dferung und Information, zur Erf\u00fcllung einer rechtlichen Verpflichtung, aus Gr\u00fcnden des \u00f6ffentlichen Interesses oder zur Geltendmachung, Aus\u00fcbung oder Verteidigen von Rechtsanspr\u00fcchen erforderlich ist.<\/li><li>gem\u00e4\u00df Art. 18 DSGVO die Einschr\u00e4nkung der Verarbeitung ihrer personenbezogenen Daten zu verlangen, soweit die Richtigkeit der Daten von Ihnen bestritten wird, die Verarbeitung unrechtm\u00e4\u00dfig ist, sie aber deren L\u00f6schung ablehnen und wir die Daten nicht mehr ben\u00f6tigen, sie jedoch diese zur Geltendmachung, Aus\u00fcbung oder Verteidigung von Rechtsanspr\u00fcchen ben\u00f6tigen oder sie gem\u00e4\u00df Art. 21 DSGVO Widerspruch gegen die Verarbeitung eingelegt haben;<\/li><li>gem\u00e4\u00df Art. 20 DSGVO ihre personenbezogenen Daten, die Sie uns bereitgestellt haben, in einem strukturierten, g\u00e4ngigen und maschinenlesbaren Format zu erhalten oder die \u00dcbermittlung an einen anderen Verantwortlichen zu verlangen;<\/li><li>gem\u00e4\u00df Art. 7 Abs. 3 DSGVO ihre einmal erteilte Einwilligung jederzeit gegen\u00fcber uns wieder zu widerrufen. Dies hat zur Folge, dass wir die Datenverarbeitung, die auf dieser Einwilligung beruhte, f\u00fcr die Zukunft nicht mehr fortf\u00fchren d\u00fcrfen und<\/li><li>gem\u00e4\u00df Art. 77 DSGVO sich bei einer Aufsichtsbeh\u00f6rde zu beschweren. In der Regel k\u00f6nnen sich hierf\u00fcr an die Aufsichtsbeh\u00f6rde ihres \u00fcblichen Aufenthaltsortes oder Arbeitsplatzes oder unseres Praxissitzes wenden.<\/li><\/ul>\t\t\t\t\t\t\t\t<\/div>\n\t\t\t\t<\/div>\n\t\t\t\t<div class=\"elementor-element elementor-element-36a80a0 elementor-widget elementor-widget-text-editor\" data-id=\"36a80a0\" data-element_type=\"widget\" data-e-type=\"widget\" data-widget_type=\"text-editor.default\">\n\t\t\t\t<div class=\"elementor-widget-container\">\n\t\t\t\t\t\t\t\t\t<p><span style=\"font-weight: bold;\">5. Widerspruchsrecht<\/span><\/p><p>Sofern ihre personenbezogenen Daten auf Grundlage von berechtigten Interessen gem\u00e4\u00df Art. 6 Abs. 1 S. 1 lit. f DSGVO verarbeitet werden, haben Sie das Recht, gem\u00e4\u00df Art. 21 DSGVO Widerspruch gegen die Verarbeitung ihrer personenbezogenen Daten einzulegen, soweit daf\u00fcr Gr\u00fcnde vorliegen, die sich aus ihrer besonderen Situation ergeben.<br \/>M\u00f6chten Sie von Ihrem Widerrufs-oder Widerspruchsrecht Gebrauch machen, gen\u00fcgt eine E-Mail an info@rheuma-medicus.de .<\/p>\t\t\t\t\t\t\t\t<\/div>\n\t\t\t\t<\/div>\n\t\t\t\t<div class=\"elementor-element elementor-element-eb17e3f elementor-widget elementor-widget-text-editor\" data-id=\"eb17e3f\" data-element_type=\"widget\" data-e-type=\"widget\" data-widget_type=\"text-editor.default\">\n\t\t\t\t<div class=\"elementor-widget-container\">\n\t\t\t\t\t\t\t\t\t<p><span style=\"font-weight: bold;\">6. Externe Dienste<\/span><\/p><p><span style=\"text-decoration: underline;\">Datenschutzerkl\u00e4rung Google Maps<\/span><br \/>Diese Webseite verwendet das Produkt Google Maps von Google Inc. Durch Nutzung dieser Webseite erkl\u00e4ren Sie sich mit der Erfassung, Bearbeitung sowie Nutzung der automatisiert erhobenen Daten durch Google Inc, deren Vertreter sowie Dritter einverstanden. Die Nutzungsbedingungen von Google Maps finden sie unter &#8222;Nutzungsbedingungen von Google Maps&#8220;.<\/p>\t\t\t\t\t\t\t\t<\/div>\n\t\t\t\t<\/div>\n\t\t\t\t<div class=\"elementor-element elementor-element-f786768 elementor-widget elementor-widget-text-editor\" data-id=\"f786768\" data-element_type=\"widget\" data-e-type=\"widget\" data-widget_type=\"text-editor.default\">\n\t\t\t\t<div class=\"elementor-widget-container\">\n\t\t\t\t\t\t\t\t\t<p><span style=\"font-weight: bold;\">7. Aktualit\u00e4t und \u00c4nderung dieser Datenschutzerkl\u00e4rung<\/span><\/p><p>Diese Datenschutzerkl\u00e4rung ist aktuell g\u00fcltig und hat den Stand Mai 2018.<br \/>Durch die Weiterentwicklung unserer Internetseite oder aufgrund ge\u00e4nderter gesetzlicher beziehungsweise beh\u00f6rdlicher Vorgaben kann es notwendig werden, diese Datenschutzerkl\u00e4rung zu \u00e4ndern. Die jeweils aktuelle Datenschutzerkl\u00e4rung kann jederzeit auf der Webseite von Ihnen abgerufen werden.<\/p>\t\t\t\t\t\t\t\t<\/div>\n\t\t\t\t<\/div>\n\t\t\t\t\t<\/div>\n\t\t<\/div>\n\t\t\t\t\t<\/div>\n\t\t<\/section>\n\t\t\t\t<\/div>\n\t\t","protected":false},"excerpt":{"rendered":"<p>Informationen zum Datenschutz gem\u00e4\u00df DSGVO 1. Name und Kontaktdaten des f\u00fcr die Verarbeitung Verantwortlichen Diese Datenschutzinformation gilt f\u00fcr die Datenverarbeitung durch: Verantwortlicher:Rheumatologie am ZooparkDr. med. Markus JostHerdertsr. 71bD-40237 D\u00fcsseldorf &#8211; Deutschland E-Mail: info@rheuma-medicus.deTelefon: +49 211 64 130 150Fax: +49 211 69 88 21 66 2. Erhebung und Speicherung von personenbezogenen Daten sowie Art und Zweck [&hellip;]<\/p>\n","protected":false},"author":1,"featured_media":0,"parent":0,"menu_order":0,"comment_status":"closed","ping_status":"open","template":"elementor_header_footer","meta":{"footnotes":""},"class_list":["post-3","page","type-page","status-publish","hentry"],"_links":{"self":[{"href":"https:\/\/rheuma-medicus.de\/de\/wp-json\/wp\/v2\/pages\/3","targetHints":{"allow":["GET"]}}],"collection":[{"href":"https:\/\/rheuma-medicus.de\/de\/wp-json\/wp\/v2\/pages"}],"about":[{"href":"https:\/\/rheuma-medicus.de\/de\/wp-json\/wp\/v2\/types\/page"}],"author":[{"embeddable":true,"href":"https:\/\/rheuma-medicus.de\/de\/wp-json\/wp\/v2\/users\/1"}],"replies":[{"embeddable":true,"href":"https:\/\/rheuma-medicus.de\/de\/wp-json\/wp\/v2\/comments?post=3"}],"version-history":[{"count":21,"href":"https:\/\/rheuma-medicus.de\/de\/wp-json\/wp\/v2\/pages\/3\/revisions"}],"predecessor-version":[{"id":702,"href":"https:\/\/rheuma-medicus.de\/de\/wp-json\/wp\/v2\/pages\/3\/revisions\/702"}],"wp:attachment":[{"href":"https:\/\/rheuma-medicus.de\/de\/wp-json\/wp\/v2\/media?parent=3"}],"curies":[{"name":"wp","href":"https:\/\/api.w.org\/{rel}","templated":true}]}}