{"id":625,"date":"2018-11-25T13:14:50","date_gmt":"2018-11-25T12:14:50","guid":{"rendered":"https:\/\/rheuma-medicus.de\/impressum\/"},"modified":"2024-01-25T10:15:38","modified_gmt":"2024-01-25T09:15:38","slug":"impressum","status":"publish","type":"page","link":"https:\/\/rheuma-medicus.de\/en\/impressum\/","title":{"rendered":"Impressum"},"content":{"rendered":"\t\t<div data-elementor-type=\"wp-post\" data-elementor-id=\"625\" class=\"elementor elementor-625 elementor-608 elementor-bc-flex-widget\" data-elementor-post-type=\"page\">\n\t\t\t\t\t\t<section class=\"elementor-section elementor-top-section elementor-element elementor-element-a961c2f elementor-section-full_width elementor-section-height-default elementor-section-height-default\" data-id=\"a961c2f\" data-element_type=\"section\" data-e-type=\"section\" data-settings=\"{&quot;shape_divider_bottom&quot;:&quot;pyramids&quot;}\">\n\t\t\t\t\t<div class=\"elementor-shape elementor-shape-bottom\" aria-hidden=\"true\" data-negative=\"false\">\n\t\t\t<svg xmlns=\"http:\/\/www.w3.org\/2000\/svg\" viewBox=\"0 0 1000 100\" preserveAspectRatio=\"none\">\n\t<path class=\"elementor-shape-fill\" d=\"M761.9,44.1L643.1,27.2L333.8,98L0,3.8V0l1000,0v3.9\"\/>\n<\/svg>\t\t<\/div>\n\t\t\t\t\t<div class=\"elementor-container elementor-column-gap-no\">\n\t\t\t\t\t<div class=\"elementor-column elementor-col-100 elementor-top-column elementor-element elementor-element-bf761c9\" data-id=\"bf761c9\" data-element_type=\"column\" data-e-type=\"column\">\n\t\t\t<div class=\"elementor-widget-wrap elementor-element-populated\">\n\t\t\t\t\t\t<div class=\"elementor-element elementor-element-887ad41 elementor-hidden-tablet elementor-hidden-phone elementor-widget elementor-widget-image\" data-id=\"887ad41\" data-element_type=\"widget\" data-e-type=\"widget\" data-widget_type=\"image.default\">\n\t\t\t\t<div class=\"elementor-widget-container\">\n\t\t\t\t\t\t\t\t\t\t\t\t\t\t\t<img fetchpriority=\"high\" decoding=\"async\" width=\"1024\" height=\"380\" src=\"https:\/\/rheuma-medicus.de\/wp-content\/uploads\/2018\/12\/T46A3597_1-1024x380.jpg\" class=\"attachment-large size-large wp-image-723\" alt=\"\" srcset=\"https:\/\/rheuma-medicus.de\/wp-content\/uploads\/2018\/12\/T46A3597_1-1024x380.jpg 1024w, https:\/\/rheuma-medicus.de\/wp-content\/uploads\/2018\/12\/T46A3597_1-300x111.jpg 300w, https:\/\/rheuma-medicus.de\/wp-content\/uploads\/2018\/12\/T46A3597_1-768x285.jpg 768w\" sizes=\"(max-width: 1024px) 100vw, 1024px\" \/>\t\t\t\t\t\t\t\t\t\t\t\t\t\t\t<\/div>\n\t\t\t\t<\/div>\n\t\t\t\t\t<\/div>\n\t\t<\/div>\n\t\t\t\t\t<\/div>\n\t\t<\/section>\n\t\t\t\t<section class=\"elementor-section elementor-top-section elementor-element elementor-element-7e45270 elementor-section-boxed elementor-section-height-default elementor-section-height-default\" data-id=\"7e45270\" data-element_type=\"section\" data-e-type=\"section\">\n\t\t\t\t\t\t<div class=\"elementor-container elementor-column-gap-wide\">\n\t\t\t\t\t<div class=\"elementor-column elementor-col-100 elementor-top-column elementor-element elementor-element-fcd4c41\" data-id=\"fcd4c41\" data-element_type=\"column\" data-e-type=\"column\">\n\t\t\t<div class=\"elementor-widget-wrap elementor-element-populated\">\n\t\t\t\t\t\t<div class=\"elementor-element elementor-element-00b82a0 elementor-widget elementor-widget-heading\" data-id=\"00b82a0\" data-element_type=\"widget\" data-e-type=\"widget\" data-widget_type=\"heading.default\">\n\t\t\t\t<div class=\"elementor-widget-container\">\n\t\t\t\t\t<h2 class=\"elementor-heading-title elementor-size-default\">Impressum<\/h2>\t\t\t\t<\/div>\n\t\t\t\t<\/div>\n\t\t\t\t<div class=\"elementor-element elementor-element-f9fa81a elementor-widget elementor-widget-text-editor\" data-id=\"f9fa81a\" data-element_type=\"widget\" data-e-type=\"widget\" data-widget_type=\"text-editor.default\">\n\t\t\t\t<div class=\"elementor-widget-container\">\n\t\t\t\t\t\t\t\t\t<p>Rheumatologie am Zoopark<br \/>Herderstr. 71B<br \/>40237 D\u00fcsseldorf<\/p><p>Telefon: <a href=\"tel:+4921164130150\">0211-64130150<\/a><br \/>Fax: <a href=\"tel:02116988216\">0211 &#8211; 69 88 21 66<\/a><\/p><p><span style=\"text-decoration: underline;\">Verantwortlich:<\/span><br \/>Dr. Markus Jost<br \/>Herderstr. 71B<br \/>40237 D\u00fcsseldorf<\/p><p><span style=\"text-decoration: underline;\">Kontakt:<\/span><br \/>Telefon: <a href=\"tel:+4921164130150\">0211-64130150<\/a><br \/>Fax: <a href=\"tel:02116988216\">0211 &#8211; 69 88 21 66<\/a><br \/>E-Mail: <a href=\"mailto:info@rheuma-medicus.de\">info@rheuma-medicus.de<\/a><\/p><p><span style=\"color: #ff0000;\">Die E-Mail-Adresse ist nur f\u00fcr gesch\u00e4ftlichen Mailverkehr und nicht <\/span><br \/><span style=\"color: #ff0000;\">f\u00fcr medizinische Anfragen bestimmt . Bei medizinischen Fragen nehmen Sie <\/span><br \/><span style=\"color: #ff0000;\">\u00fcber die Praxisrufnummer Kontakt mit der Praxis auf.<\/span><\/p><hr \/><p><span style=\"text-decoration: underline;\">Eintragung im Handelsregister<\/span><\/p><p>Umsatzsteuer-Identifikationsnummer (ID):<br \/>105\/5126\/0957<\/p><p><span style=\"text-decoration: underline;\">Berufsspezifische Angaben:<\/span><br \/>Die Berufsbezeichnung Arzt, Facharztbezeichnungen und Zusatzbezeichnungen wurden in Deutschland verliehen.<br \/>Zust\u00e4ndige Landes\u00e4rztekammer: \u00c4rztekammer Nordrhein<br \/><a href=\"http:\/\/www.aekno.de\">www.aekno.de<\/a><br \/>Zust\u00e4ndige Kassen\u00e4rztliche Vereinigung: KV Nordrhein<br \/><a href=\"http:\/\/www.aekno.de\">www.kvno.de<\/a><\/p><p><span style=\"text-decoration: underline;\">Es gelten folgende berufsrechtliche Regelungen:<\/span><br \/>Berufsordnung der Landes\u00e4rztekammer Nordrhein<br \/>Heilberufegesetz des Landes NRW<\/p><p><span style=\"text-decoration: underline;\">Verantwortlich f\u00fcr den Inhalt:<\/span><br \/>Dr. med. Markus Jost<\/p>\t\t\t\t\t\t\t\t<\/div>\n\t\t\t\t<\/div>\n\t\t\t\t\t<\/div>\n\t\t<\/div>\n\t\t\t\t\t<\/div>\n\t\t<\/section>\n\t\t\t\t<\/div>\n\t\t","protected":false},"excerpt":{"rendered":"<p>Impressum Rheumatologie am ZooparkHerderstr. 71B40237 D\u00fcsseldorf Telefon: 0211-64130150Fax: 0211 &#8211; 69 88 21 66 Verantwortlich:Dr. Markus JostHerderstr. 71B40237 D\u00fcsseldorf Kontakt:Telefon: 0211-64130150Fax: 0211 &#8211; 69 88 21 66E-Mail: info@rheuma-medicus.de Die E-Mail-Adresse ist nur f\u00fcr gesch\u00e4ftlichen Mailverkehr und nicht f\u00fcr medizinische Anfragen bestimmt . Bei medizinischen Fragen nehmen Sie \u00fcber die Praxisrufnummer Kontakt mit der Praxis auf. [&hellip;]<\/p>\n","protected":false},"author":1,"featured_media":0,"parent":0,"menu_order":0,"comment_status":"closed","ping_status":"closed","template":"elementor_header_footer","meta":{"footnotes":""},"class_list":["post-625","page","type-page","status-publish","hentry"],"_links":{"self":[{"href":"https:\/\/rheuma-medicus.de\/en\/wp-json\/wp\/v2\/pages\/625","targetHints":{"allow":["GET"]}}],"collection":[{"href":"https:\/\/rheuma-medicus.de\/en\/wp-json\/wp\/v2\/pages"}],"about":[{"href":"https:\/\/rheuma-medicus.de\/en\/wp-json\/wp\/v2\/types\/page"}],"author":[{"embeddable":true,"href":"https:\/\/rheuma-medicus.de\/en\/wp-json\/wp\/v2\/users\/1"}],"replies":[{"embeddable":true,"href":"https:\/\/rheuma-medicus.de\/en\/wp-json\/wp\/v2\/comments?post=625"}],"version-history":[{"count":6,"href":"https:\/\/rheuma-medicus.de\/en\/wp-json\/wp\/v2\/pages\/625\/revisions"}],"predecessor-version":[{"id":1201,"href":"https:\/\/rheuma-medicus.de\/en\/wp-json\/wp\/v2\/pages\/625\/revisions\/1201"}],"wp:attachment":[{"href":"https:\/\/rheuma-medicus.de\/en\/wp-json\/wp\/v2\/media?parent=625"}],"curies":[{"name":"wp","href":"https:\/\/api.w.org\/{rel}","templated":true}]}}